{"id":1265,"date":"2022-09-28T11:28:13","date_gmt":"2022-09-28T11:28:13","guid":{"rendered":"https:\/\/www.zuk-zamosc.pl\/?page_id=1265"},"modified":"2026-01-20T09:10:27","modified_gmt":"2026-01-20T09:10:27","slug":"kontakt","status":"publish","type":"page","link":"https:\/\/www.zuk-zamosc.pl\/?page_id=1265","title":{"rendered":"Kontakt"},"content":{"rendered":"<div class=\"container\">\n<div class=\"col-md-4 col-sm-12\"><img loading=\"lazy\" decoding=\"async\" class=\"alignnone size-medium wp-image-1301\" src=\"https:\/\/www.zuk-zamosc.pl\/wp-content\/uploads\/2022\/09\/zuk-logo-300x132.jpg\" alt=\"\" width=\"300\" height=\"132\" srcset=\"https:\/\/www.zuk-zamosc.pl\/wp-content\/uploads\/2022\/09\/zuk-logo-300x132.jpg 300w, https:\/\/www.zuk-zamosc.pl\/wp-content\/uploads\/2022\/09\/zuk-logo-1024x451.jpg 1024w, https:\/\/www.zuk-zamosc.pl\/wp-content\/uploads\/2022\/09\/zuk-logo-768x339.jpg 768w, https:\/\/www.zuk-zamosc.pl\/wp-content\/uploads\/2022\/09\/zuk-logo.jpg 1150w\" sizes=\"auto, (max-width: 300px) 100vw, 300px\" \/><\/p>\n<h3 class=\"col-md-8 col-sm-10\"><strong>\u00a0<\/strong><\/h3>\n<\/div>\n<p><strong>Zak\u0142ad Us\u0142ug Komunalnych Sp\u00f3\u0142ka z ograniczon\u0105 odpowiedzialno\u015bci\u0105 w Zamo\u015bciu <\/strong><\/p>\n<ul class=\"col-md-4 col-sm-6\">\n<li><strong>ul. Droga M\u0119czennik\u00f3w Rotundy 2, 22-400 Zamo\u015b\u0107<\/strong><\/li>\n<\/ul>\n<p>Godziny pracy od poniedzia\u0142ku do pi\u0105tku 7:00-15:00.<\/p>\n<ul class=\"col-md-4 col-sm-6\">\n<li><strong>tel.<\/strong> 84 638 12 39<\/li>\n<li><strong>tel. alarmowy 798-762-077<\/strong><\/li>\n<li><a class=\"link\" title=\"email - Zak\u0142ad Komunalny -  PGK Zamo\u015b\u0107\" href=\"mailto:biuro@zuk-zamosc.pl\">biuro@zuk-zamosc.pl<\/a><\/li>\n<\/ul>\n<\/div>\n","protected":false},"excerpt":{"rendered":"<p>\u00a0 Zak\u0142ad Us\u0142ug Komunalnych Sp\u00f3\u0142ka z ograniczon\u0105 odpowiedzialno\u015bci\u0105 w Zamo\u015bciu ul. Droga M\u0119czennik\u00f3w Rotundy 2, 22-400 Zamo\u015b\u0107 Godziny pracy od poniedzia\u0142ku do pi\u0105tku 7:00-15:00. tel. 84 638 12 39 tel. alarmowy 798-762-077 biuro@zuk-zamosc.pl<\/p>\n","protected":false},"author":1,"featured_media":0,"parent":0,"menu_order":0,"comment_status":"closed","ping_status":"closed","template":"","meta":{"footnotes":""},"class_list":["post-1265","page","type-page","status-publish","hentry"],"_links":{"self":[{"href":"https:\/\/www.zuk-zamosc.pl\/index.php?rest_route=\/wp\/v2\/pages\/1265","targetHints":{"allow":["GET"]}}],"collection":[{"href":"https:\/\/www.zuk-zamosc.pl\/index.php?rest_route=\/wp\/v2\/pages"}],"about":[{"href":"https:\/\/www.zuk-zamosc.pl\/index.php?rest_route=\/wp\/v2\/types\/page"}],"author":[{"embeddable":true,"href":"https:\/\/www.zuk-zamosc.pl\/index.php?rest_route=\/wp\/v2\/users\/1"}],"replies":[{"embeddable":true,"href":"https:\/\/www.zuk-zamosc.pl\/index.php?rest_route=%2Fwp%2Fv2%2Fcomments&post=1265"}],"version-history":[{"count":13,"href":"https:\/\/www.zuk-zamosc.pl\/index.php?rest_route=\/wp\/v2\/pages\/1265\/revisions"}],"predecessor-version":[{"id":1427,"href":"https:\/\/www.zuk-zamosc.pl\/index.php?rest_route=\/wp\/v2\/pages\/1265\/revisions\/1427"}],"wp:attachment":[{"href":"https:\/\/www.zuk-zamosc.pl\/index.php?rest_route=%2Fwp%2Fv2%2Fmedia&parent=1265"}],"curies":[{"name":"wp","href":"https:\/\/api.w.org\/{rel}","templated":true}]}}